{"id":22397,"date":"2016-08-17T13:08:36","date_gmt":"2016-08-17T12:08:36","guid":{"rendered":"http:\/\/www.darelqadi.com\/site_2015\/?page_id=22397"},"modified":"2019-01-06T14:37:44","modified_gmt":"2019-01-06T13:37:44","slug":"philosophie-dar-el-qadi","status":"publish","type":"page","link":"http:\/\/www.darelqadi.com\/site_2015\/philosophie-dar-el-qadi\/","title":{"rendered":"Philosophie"},"content":{"rendered":"<p>[vc_row][vc_column][vc_empty_space height=\u00a0\u00bb75px\u00a0\u00bb][\/vc_column][\/vc_row][vc_row][vc_column width=\u00a0\u00bb1\/3&Prime;][vc_single_image image=\u00a0\u00bb21826&Prime; img_size=\u00a0\u00bbfull\u00a0\u00bb css=\u00a0\u00bb.vc_custom_1432197046383{margin-bottom: 18px !important;}\u00a0\u00bb][vc_column_text]<\/p>\n<h4>Dar el qadi,<br \/>\nun havre de paix o\u00f9 se ressourcer<\/h4>\n<p>Au coeur historique de Marrakech,\u00a0Dar El Qadi, qui fut la demeure d\u2019un juge astronome, a \u00e9t\u00e9 restaur\u00e9e par Quentin Wilbaux dans le respect de l\u2019architecture, des mat\u00e9riaux et des savoirs-faire traditionnels tout sp\u00e9cialement pour vous y recevoir. En famille ou entre amis, en atelier ou en s\u00e9minaire, dar el Qadi vous accueille pour vivre un s\u00e9jour de ressourcement, de d\u00e9tente et de bien-\u00eatre.<\/p>\n<h4>Un lieu magique<\/h4>\n<p>Espaces conviviaux, espaces festifs autour de la fontaine, au coin du feu ou au soleil des terrasses, Dar el Qadi propose une grande vari\u00e9t\u00e9 de lieux au caract\u00e8re fort et envo\u00fbtant. Une exp\u00e9rience unique dans l\u2019une des plus belles et anciennes maisons de la m\u00e9dina de Marrakech. Pour partager des moments intimes et chaleureux en famille ou, \u00e0 l\u2019aide de <a href=\"http:\/\/www.darelqadi.com\/site_2015\/stages\/\">divers outils de d\u00e9veloppement personnel<\/a>, pour \u00e9largir votre champ de conscience et vivre plus en harmonie avec vous, les autres et le monde qui vous entoure.[\/vc_column_text][\/vc_column][vc_column width=\u00a0\u00bb1\/3&Prime;][vc_single_image image=\u00a0\u00bb21810&Prime; img_size=\u00a0\u00bbfull\u00a0\u00bb css=\u00a0\u00bb.vc_custom_1432196763209{margin-bottom: 18px !important;}\u00a0\u00bb][vc_column_text]<\/p>\n<h4>Christiane Thiry,<br \/>\norganisatrice de stages et ateliers<\/h4>\n<p>Si vous d\u00e9sirez organiser stages ou ateliers, contactez Christiane Thiry, certifi\u00e9e coach, th\u00e9rapeute et passionn\u00e9e par tout ce qui touche au lien avec soi, avec les autres et avec le Maroc, son pays de coeur. Depuis 2001, en tant que r\u00e9dactrice en chef de La Libre Essentielle, suppl\u00e9ment culturel de La Libre Belgique, elle a invit\u00e9 personnalit\u00e9s et artistes \u00e0 animer des ateliers pour faire partager leur passion au sein de la M\u00e9dina de Marrakech. \u00a0:<br \/>\n<em>Jeux de l\u2019art \u00e0 Marrakech <\/em>avec Bob Verschueren<br \/>\n<em>Pastel, encre, fusain, aquarelle ou terre<\/em> avec Lucie Sentjes<br \/>\n<em>Grand angle sur Marrakech<\/em>, atelier photo en compagnie de Serge Anton<br \/>\n<em>Des notes et des rythmes<\/em>, anim\u00e9 par Arnould Massart<br \/>\n<em>Palette de couleurs<\/em>, en compagnie des peintrailleuses\u00a0: Sophie Collet, Myriam Deru et Anne-Fran\u00e7oise Jadin.<br \/>\n<em>Avec Julos \u00e0 Marrakech<\/em>, un atelier d\u2019\u00e9criture et de jeux de mots\u00a0anim\u00e9 par Julos Beaucarne.<br \/>\n<em>Mots &amp; merveilles<\/em>, atelier d\u2019\u00e9criture anim\u00e9 par Bruno Coppens.<br \/>\n<em>Une plong\u00e9e dans l\u2019\u00e9criture \u00e0 Marrakech, <\/em>atelier anim\u00e9 par Fran\u00e7oise Lalande.<br \/>\nDepuis, Christiane Thiry ouvre les portes du riad \u00e0 <a href=\"http:\/\/www.darelqadi.com\/site_2015\/stages\/\">des ateliers centr\u00e9s sur le bien-\u00eatre et le ressourcement<\/a>\u00a0et \u00e0 des s\u00e9jours centr\u00e9s sur le mieux-\u00eatre au travail (<a href=\"http:\/\/www.darelqadi.com\/site_2015\/wp-content\/uploads\/2015\/06\/constellations-\u00e0-Marrakech.pdf\" onclick=\"__gaTracker('send', 'event', 'download', 'http:\/\/www.darelqadi.com\/site_2015\/wp-content\/uploads\/2015\/06\/constellations-\u00e0-Marrakech.pdf');\">stage de constellations familiales v\u00e9cu par l\u2019\u00e9quipe de Psychologies magazine<\/a>).[\/vc_column_text][\/vc_column][vc_column width=\u00a0\u00bb1\/3&Prime;][vc_single_image image=\u00a0\u00bb21850&Prime; img_size=\u00a0\u00bbfull\u00a0\u00bb css=\u00a0\u00bb.vc_custom_1432210285460{margin-bottom: 18px !important;}\u00a0\u00bb][vc_column_text]<\/p>\n<h4>La medina de Marrakech<\/h4>\n<p>C\u2019est un v\u00e9ritable labyrinthe form\u00e9 de ruelles sinueuses, un spectacle permanent enrichi de sons et d&rsquo;odeurs multiples. La place centrale Djemaa El Fna attire touristes \u00e9trangers et marocains. Dans la journ\u00e9e, c&rsquo;est le rassemblement des mendiants, des charmeurs de serpents, des montreurs de singes, des conteurs et des vendeurs d&rsquo;eau ou de jus d&rsquo;orange. Au coucher du soleil, la place se transforme en un immense carnaval de musiciens, chanteurs et danseurs pendant que se dressent une multitude de gargotes proposant des montagnes de mets pr\u00e9par\u00e9s que l&rsquo;on d\u00e9guste sur place dans un tourbillon de senteurs et de saveurs : une v\u00e9ritable f\u00eate des sens.<\/p>\n<p>Imm\u00e9diatement au nord de la place s&rsquo;\u00e9talent les souks o\u00f9 l&rsquo;on se pla\u00eet \u00e0 fouiner parmi les centaines d&rsquo;\u00e9choppes proposant le savoir-faire de l&rsquo;art et de l&rsquo;artisanat marocain : pi\u00e8ces en bois pr\u00e9cieux, poteries, cuivre et m\u00e9taux, tapis color\u00e9s, tissus, bijoux en argent, \u00e9toffes teintes, cuir, \u00e9pices, parfums&#8230;<\/p>\n<p>Le contraste est saisissant entre la bousculade et le remue-m\u00e9nage des souks et le calme et la qui\u00e9tude des ruelles des quartiers r\u00e9sidentiels (les derbs), o\u00f9 les journ\u00e9es s&rsquo;\u00e9coulent aux bruits du jeu des enfants, ponctu\u00e9s par les cinq appels \u00e0 la pri\u00e8re lanc\u00e9s par le muezzin du haut du minaret surplombant le quartier. Ici, ce sont de longs pans de murs nus parfois flanqu\u00e9s de marchands de l\u00e9gumes et de fruits et uniquement interrompus par les lourdes portes derri\u00e8re lesquelles vous d\u00e9couvrirez le calme et l&rsquo;ambiance ombrag\u00e9e des jardins clos (riyads) des maisons traditionnelles.<\/p>\n<p>Fond\u00e9e au onzi\u00e8me si\u00e8cle, Marrakech a toujours frapp\u00e9 l&rsquo;imaginaire des voyageurs occidentaux. Ville imp\u00e9riale, caravans\u00e9rails, march\u00e9s o\u00f9 les hommes des tribus du sud et les villageois berb\u00e8res viennent vendre des produits artisanaux et des denr\u00e9es alimentaires. Situ\u00e9e dans la plaine fertile du Haouz, au pied des superbes montagnes de l&rsquo;Atlas, c&rsquo;est une cit\u00e9 d&rsquo;une incroyable beaut\u00e9, projetant les couleurs ocre de ses remparts et de ses monuments aux rayons du soleil.[\/vc_column_text][\/vc_column][\/vc_row][vc_row][vc_column][vc_separator][\/vc_column][\/vc_row][vc_row][vc_column][vc_empty_space][\/vc_column][\/vc_row][vc_row][vc_column width=\u00a0\u00bb1\/3&Prime;][vc_single_image image=\u00a0\u00bb21819&Prime; img_size=\u00a0\u00bbfull\u00a0\u00bb][\/vc_column][vc_column width=\u00a0\u00bb2\/3&Prime;][vc_column_text]<\/p>\n<h4>Quentin Wilbaux ou la sauvegarde de la m\u00e9dina<\/h4>\n<p><img loading=\"lazy\" class=\"alignright wp-image-21854 size-thumbnail\" src=\"http:\/\/www.darelqadi.com\/site_2015\/wp-content\/uploads\/2015\/03\/Quentin\u00b0\u00b0\u00b0DSC05963-150x150.jpg\" alt=\"Quentin\u00b0\u00b0\u00b0DSC05963\" width=\"150\" height=\"150\" srcset=\"http:\/\/www.darelqadi.com\/site_2015\/wp-content\/uploads\/2015\/03\/Quentin\u00b0\u00b0\u00b0DSC05963-150x150.jpg 150w, http:\/\/www.darelqadi.com\/site_2015\/wp-content\/uploads\/2015\/03\/Quentin\u00b0\u00b0\u00b0DSC05963-550x550.jpg 550w, http:\/\/www.darelqadi.com\/site_2015\/wp-content\/uploads\/2015\/03\/Quentin\u00b0\u00b0\u00b0DSC05963-500x500.jpg 500w, http:\/\/www.darelqadi.com\/site_2015\/wp-content\/uploads\/2015\/03\/Quentin\u00b0\u00b0\u00b0DSC05963-1000x1000.jpg 1000w\" sizes=\"(max-width: 150px) 100vw, 150px\" \/>Architecte de formation, Quentin Wilbaux vit dans la m\u00e9dina de Marrakech depuis une trentaine d&rsquo;ann\u00e9es. Il s\u2019est naturellement int\u00e9ress\u00e9 aux maisons traditionnelles de Marrakech. Il a trac\u00e9 les plans et photographi\u00e9 les anciens riads avant qu\u2019ils ne disparaissent, dressant l\u2019inventaire de ce que la m\u00e9dina contenait encore de belles demeures. Face \u00e0 la d\u00e9gradation, faute d\u2019entretien ou de r\u00e9novation, et au morcellement de ces magnifiques propri\u00e9t\u00e9s, il a d\u00e9cid\u00e9 de r\u00e9agir et de sauver ce patrimoine en int\u00e9ressant quelques amis et connaissances \u00e0 l&rsquo;achat de propri\u00e9t\u00e9s en m\u00e9dina qu&rsquo;il r\u00e9noverait dans l&rsquo;esprit de la tradition architecturale marocaine et plus sp\u00e9cialement marrakchie, en faisant appel aux artisans et ma\u00e2lems employant encore les m\u00e9thodes ancestrales.\u00a0La restauration de \u00ab\u00a0dar el qadi\u00a0\u00bb en 1993, a \u00e9t\u00e9 le d\u00e9clencheur de ce processus de revalorisation de l\u2019architecture traditionnelle. Apr\u00e8s plus de 20 ans de travail ayant men\u00e9 \u00e0 la restauration \u00e0 l\u2019authentique de plus de 137 maisons, Quentin Wilbaux est devenu l\u2019un des meilleurs sp\u00e9cialistes de l\u2019architecte marocaine.<\/p>\n<p>Parall\u00e8lement \u00e0 ce travail de sauvegarde, il y a men\u00e9 une large enqu\u00eate sur l\u2019histoire urbaine de Marrakech et sur la formation des medinas. Il a pr\u00e9sent\u00e9 le fruit de ces recherches dans la th\u00e8se qu&rsquo;il a soutenue en juin 2000 \u00e0 Paris, \u00e0 L&rsquo;EHESS, publi\u00e9e en 2002 chez l\u2019Harmattan \u00e0 Paris sous l\u2019intitul\u00e9 <em>La medina de Marrakech, formation des espaces urbains d&rsquo;une ancienne capitale du Maroc<\/em>. Il est aussi l\u2019auteur de <a href=\"http:\/\/www.darelqadi.com\/site_2015\/?page_id=17210\">plusieurs beaux livres sur l\u2019architecture marocaine<\/a>.[\/vc_column_text][\/vc_column][\/vc_row][vc_row][vc_column][vc_empty_space][\/vc_column][\/vc_row]<\/p>\n","protected":false},"excerpt":{"rendered":"<p>[vc_row][vc_column][vc_empty_space height=\u00a0\u00bb75px\u00a0\u00bb][\/vc_column][\/vc_row][vc_row][vc_column width=\u00a0\u00bb1\/3&Prime;][vc_single_image image=\u00a0\u00bb21826&Prime; img_size=\u00a0\u00bbfull\u00a0\u00bb css=\u00a0\u00bb.vc_custom_1432197046383{margin-bottom: 18px !important;}\u00a0\u00bb][vc_column_text] Dar el qadi, un havre de paix o\u00f9 se ressourcer Au coeur historique de Marrakech,\u00a0Dar El Qadi, qui fut la demeure d\u2019un juge astronome, a \u00e9t\u00e9 restaur\u00e9e par Quentin Wilbaux dans le respect de l\u2019architecture, des mat\u00e9riaux&#8230;<\/p>\n","protected":false},"author":2,"featured_media":0,"parent":0,"menu_order":0,"comment_status":"open","ping_status":"closed","template":"","meta":[],"_links":{"self":[{"href":"http:\/\/www.darelqadi.com\/site_2015\/wp-json\/wp\/v2\/pages\/22397"}],"collection":[{"href":"http:\/\/www.darelqadi.com\/site_2015\/wp-json\/wp\/v2\/pages"}],"about":[{"href":"http:\/\/www.darelqadi.com\/site_2015\/wp-json\/wp\/v2\/types\/page"}],"author":[{"embeddable":true,"href":"http:\/\/www.darelqadi.com\/site_2015\/wp-json\/wp\/v2\/users\/2"}],"replies":[{"embeddable":true,"href":"http:\/\/www.darelqadi.com\/site_2015\/wp-json\/wp\/v2\/comments?post=22397"}],"version-history":[{"count":4,"href":"http:\/\/www.darelqadi.com\/site_2015\/wp-json\/wp\/v2\/pages\/22397\/revisions"}],"predecessor-version":[{"id":22734,"href":"http:\/\/www.darelqadi.com\/site_2015\/wp-json\/wp\/v2\/pages\/22397\/revisions\/22734"}],"wp:attachment":[{"href":"http:\/\/www.darelqadi.com\/site_2015\/wp-json\/wp\/v2\/media?parent=22397"}],"curies":[{"name":"wp","href":"https:\/\/api.w.org\/{rel}","templated":true}]}}